{"id":8742,"date":"2021-11-16T22:54:26","date_gmt":"2021-11-16T22:54:26","guid":{"rendered":"https:\/\/www.hotelcesaraugusta.com\/?page_id=8742"},"modified":"2022-12-27T10:16:00","modified_gmt":"2022-12-27T10:16:00","slug":"politique-de-confidentialite","status":"publish","type":"page","link":"https:\/\/www.hotelcesaraugusta.com\/fr\/politique-de-confidentialite\/","title":{"rendered":"Politique de confidentialit\u00e9"},"content":{"rendered":"<h1>Politique de confidentialit\u00e9<\/h1>\n<p>En cumplimiento de lo establecido en el Reglamento (UE) 2016\/679 del Parlamento Europeo y del Consejo de 27 de abril de 2016 relativo a la protecci\u00f3n de las personas f\u00edsicas en lo que respecta al tratamiento de datos personales y a la libre circulaci\u00f3n de estos y en la Ley Org\u00e1nica 3\/2018, de 5 de diciembre, de Protecci\u00f3n de Datos Personales y garant\u00eda de los derechos digitales, as\u00ed como en su normativa de desarrollo, les facilitamos informaci\u00f3n ampliada en la presente Pol\u00edtica de Privacidad.<\/p>\n<p>Qui\u00e9n es el responsable del tratamiento de sus datos<\/p>\n<ul>\n<li>Identidad: HOTELES CESARAUGUSTA, S.A. (en adelante HOTEL CESARAUGUSTA )<\/li>\n<li>Direcci\u00f3n Postal: AVENIDA JOS\u00c9 ANSELMO CLAV\u00c9 N\u00ba 45, 50009, ZARAGOZA<\/li>\n<li>Tel\u00e9fono: 976 282 727<\/li>\n<li>Correo electr\u00f3nico: recepcion@hotelcesaraugusta.com<\/li>\n<\/ul>\n<p>Con qu\u00e9 finalidad tratamos sus datos personales<\/p>\n<p>En HOTEL CESARAUGUSTA tratamos la informaci\u00f3n que nos facilitan las personas interesadas con el fin de prestar los servicios ofertados por nuestro hotel<em>,<\/em> as\u00ed como para gestionar las reservas online de nuestro sitio web.<\/p>\n<p>No se van a tomar decisiones automatizadas en base a los datos proporcionados.<\/p>\n<p>Por cu\u00e1nto tiempo conservaremos sus datos<\/p>\n<p>Los datos personales proporcionados se conservar\u00e1n por el tiempo imprescindible para la prestaci\u00f3n del servicio solicitado\u00a0y durante los plazos legalmente establecidos.<\/p>\n<p>Cu\u00e1l es la legitimaci\u00f3n para el tratamiento de sus datos<\/p>\n<p>La base legal para el tratamiento de sus datos ser\u00e1, seg\u00fan el caso, el consentimiento del interesado,\u00a0 la ejecuci\u00f3n de un contrato o el inter\u00e9s leg\u00edtimo.<\/p>\n<p>A qu\u00e9 destinatarios se comunicar\u00e1n sus datos<\/p>\n<p>Los datos no se comunicar\u00e1n a terceros salvo obligaci\u00f3n legal.<\/p>\n<p>Transferencias de datos a terceros pa\u00edses<\/p>\n<p>No est\u00e1n previstas transferencias de datos a terceros pa\u00edses.<\/p>\n<p>C\u00f3mo hemos obtenido sus datos<\/p>\n<p>Los datos provienen del interesado o de su padre, madre o tutor legal si aqu\u00e9l es menor de 14 a\u00f1os.<\/p>\n<p>Cu\u00e1les son sus derechos cuando nos facilita sus datos<\/p>\n<p>Cualquier persona tiene derecho a obtener informaci\u00f3n sobre si HOTEL CESARAUGUSTA estamos tratando datos personales que les conciernan, o no.<\/p>\n<p>Las personas interesadas tienen derecho a acceder a sus datos personales, as\u00ed como a solicitar la rectificaci\u00f3n de los datos inexactos o, en su caso, solicitar su supresi\u00f3n cuando, entre otros motivos, los datos ya no sean necesarios para los fines que fueron recogidos. Igualmente tiene derecho a la portabilidad de sus datos.<\/p>\n<p>En determinadas circunstancias, los interesados podr\u00e1n solicitar la limitaci\u00f3n del tratamiento de sus datos, en cuyo caso \u00fanicamente los conservaremos para el ejercicio o la defensa de reclamaciones.<\/p>\n<p>En determinadas circunstancias y por motivos relacionados con su situaci\u00f3n particular, los interesados podr\u00e1n oponerse al tratamiento de sus datos. En este caso, HOTEL CESARAUGUSTA dejar\u00e1 de tratar los datos, salvo por motivos leg\u00edtimos imperiosos, o el ejercicio o la defensa de posibles reclamaciones.<\/p>\n<p>Podr\u00e1 ejercitar materialmente sus derechos enviando un correo electr\u00f3nico a recepcion@hotelcesaraugusta.com identific\u00e1ndose debidamente e indicando de forma expresa el concreto derecho que se quiere ejercer.<\/p>\n<p>Si ha otorgado su consentimiento para alguna finalidad concreta, tiene derecho a retirar el consentimiento otorgado en cualquier momento, sin que ello afecte a la licitud del tratamiento basado en el consentimiento previo a su retirada.<\/p>\n<p>En caso de que sienta vulnerados sus derechos en lo concerniente a la protecci\u00f3n de sus datos personales, especialmente cuando no haya obtenido satisfacci\u00f3n en el ejercicio de sus derechos, puede \u00a0dirigirse al Delegado de Protecci\u00f3n de Datos, si ha sido designado, \u00a0o presentar una reclamaci\u00f3n ante la Autoridad de Control en materia de Protecci\u00f3n de Datos competente a trav\u00e9s de su sitio web: www.aepd.es<\/p>\n<p>M\u00e1s informaci\u00f3n sobre el tratamiento de sus datos<\/p>\n<p>Cuando precisemos obtener informaci\u00f3n por su parte, siempre le solicitaremos que nos la proporcione voluntariamente prestando su consentimiento de forma expresa a trav\u00e9s de los medios habilitados para ello.<\/p>\n<p>El tratamiento de los datos recabados a trav\u00e9s de los formularios de recogida de datos del sitio web u otras v\u00edas, quedar\u00e1 incorporado al Registro de Actividades de Tratamiento del cual es responsable HOTEL CESARAUGUSTA.<\/p>\n<p>HOTEL CESARAUGUSTA trata los datos de forma confidencial y adopta las medidas t\u00e9cnicas y organizativas apropiadas para garantizar el nivel de seguridad adecuado al tratamiento, en cumplimiento de lo requerido por el Reglamento (UE) 2016\/679 del Parlamento Europeo y del Consejo de 27 de abril de 2016 y dem\u00e1s normativa aplicable en materia de Protecci\u00f3n de Datos.<\/p>\n<p>No obstante, HOTEL CESARAUGUSTA no puede garantizar la absoluta invulnerabilidad de los sistemas, por tanto, no asume ninguna responsabilidad por los da\u00f1os y perjuicios derivados de alteraciones que terceros puedan causar en los sistemas inform\u00e1ticos, documentos electr\u00f3nicos o ficheros del usuario.<\/p>\n<p>Si opta por abandonar nuestro sitio web a trav\u00e9s de enlaces a sitios web no pertenecientes a nuestra entidad, HOTEL CESARAUGUSTA no se har\u00e1 responsable de las pol\u00edticas de privacidad de dichos sitios web ni de las cookies que \u00e9stos puedan almacenar en el ordenador del usuario.<\/p>\n","protected":false},"excerpt":{"rendered":"<p>Politique de confidentialit\u00e9 En cumplimiento de lo establecido en el Reglamento (UE) 2016\/679 del Parlamento Europeo y del Consejo de 27 de abril de 2016 relativo a la protecci\u00f3n de las personas f\u00edsicas en lo que respecta al tratamiento de datos personales y a la libre circulaci\u00f3n de estos y en la Ley Org\u00e1nica 3\/2018,&#8230;<\/p>\n","protected":false},"author":1,"featured_media":0,"parent":0,"menu_order":0,"comment_status":"closed","ping_status":"closed","template":"","meta":[],"yoast_head":"<!-- This site is optimized with the Yoast SEO plugin v16.7 - https:\/\/yoast.com\/wordpress\/plugins\/seo\/ -->\n<title>Politique de confidentialit\u00e9 - Hotel Cesaraugusta<\/title>\n<meta name=\"robots\" content=\"noindex, nofollow\" \/>\n<meta property=\"og:locale\" content=\"fr_FR\" \/>\n<meta property=\"og:type\" content=\"article\" \/>\n<meta property=\"og:title\" content=\"Politique de confidentialit\u00e9 - Hotel Cesaraugusta\" \/>\n<meta property=\"og:description\" content=\"Politique de confidentialit\u00e9 En cumplimiento de lo establecido en el Reglamento (UE) 2016\/679 del Parlamento Europeo y del Consejo de 27 de abril de 2016 relativo a la protecci\u00f3n de las personas f\u00edsicas en lo que respecta al tratamiento de datos personales y a la libre circulaci\u00f3n de estos y en la Ley Org\u00e1nica 3\/2018,...\" \/>\n<meta property=\"og:url\" content=\"https:\/\/www.hotelcesaraugusta.com\/fr\/politique-de-confidentialite\/\" \/>\n<meta property=\"og:site_name\" content=\"Hotel Cesaraugusta\" \/>\n<meta property=\"article:modified_time\" content=\"2022-12-27T10:16:00+00:00\" \/>\n<meta name=\"twitter:card\" content=\"summary_large_image\" \/>\n<meta name=\"twitter:label1\" content=\"Dur\u00e9e de lecture est.\" \/>\n\t<meta name=\"twitter:data1\" content=\"4 minutes\" \/>\n<script type=\"application\/ld+json\" class=\"yoast-schema-graph\">{\"@context\":\"https:\/\/schema.org\",\"@graph\":[{\"@type\":\"Organization\",\"@id\":\"https:\/\/www.hotelcesaraugusta.com\/#organization\",\"name\":\"Hotel Cesaraugusta\",\"url\":\"https:\/\/www.hotelcesaraugusta.com\/\",\"sameAs\":[],\"logo\":{\"@type\":\"ImageObject\",\"@id\":\"https:\/\/www.hotelcesaraugusta.com\/#logo\",\"inLanguage\":\"fr-FR\",\"url\":\"https:\/\/www.hotelcesaraugusta.com\/wp-content\/uploads\/2020\/09\/logo-hotel-cesaraugusta.jpg\",\"contentUrl\":\"https:\/\/www.hotelcesaraugusta.com\/wp-content\/uploads\/2020\/09\/logo-hotel-cesaraugusta.jpg\",\"width\":200,\"height\":91,\"caption\":\"Hotel Cesaraugusta\"},\"image\":{\"@id\":\"https:\/\/www.hotelcesaraugusta.com\/#logo\"}},{\"@type\":\"WebSite\",\"@id\":\"https:\/\/www.hotelcesaraugusta.com\/#website\",\"url\":\"https:\/\/www.hotelcesaraugusta.com\/\",\"name\":\"Hotel Cesaraugusta\",\"description\":\"-Web Oficial-Tu hotel de confianza en Zaragoza\",\"publisher\":{\"@id\":\"https:\/\/www.hotelcesaraugusta.com\/#organization\"},\"potentialAction\":[{\"@type\":\"SearchAction\",\"target\":{\"@type\":\"EntryPoint\",\"urlTemplate\":\"https:\/\/www.hotelcesaraugusta.com\/?s={search_term_string}\"},\"query-input\":\"required name=search_term_string\"}],\"inLanguage\":\"fr-FR\"},{\"@type\":\"WebPage\",\"@id\":\"https:\/\/www.hotelcesaraugusta.com\/fr\/politique-de-confidentialite\/#webpage\",\"url\":\"https:\/\/www.hotelcesaraugusta.com\/fr\/politique-de-confidentialite\/\",\"name\":\"Politique de confidentialit\\u00e9 - Hotel Cesaraugusta\",\"isPartOf\":{\"@id\":\"https:\/\/www.hotelcesaraugusta.com\/#website\"},\"datePublished\":\"2021-11-16T22:54:26+00:00\",\"dateModified\":\"2022-12-27T10:16:00+00:00\",\"breadcrumb\":{\"@id\":\"https:\/\/www.hotelcesaraugusta.com\/fr\/politique-de-confidentialite\/#breadcrumb\"},\"inLanguage\":\"fr-FR\",\"potentialAction\":[{\"@type\":\"ReadAction\",\"target\":[\"https:\/\/www.hotelcesaraugusta.com\/fr\/politique-de-confidentialite\/\"]}]},{\"@type\":\"BreadcrumbList\",\"@id\":\"https:\/\/www.hotelcesaraugusta.com\/fr\/politique-de-confidentialite\/#breadcrumb\",\"itemListElement\":[{\"@type\":\"ListItem\",\"position\":1,\"name\":\"Portada\",\"item\":\"https:\/\/www.hotelcesaraugusta.com\/fr\/\"},{\"@type\":\"ListItem\",\"position\":2,\"name\":\"Politique de confidentialit\\u00e9\"}]}]}<\/script>\n<!-- \/ Yoast SEO plugin. -->","yoast_head_json":{"title":"Politique de confidentialit\u00e9 - Hotel Cesaraugusta","robots":{"index":"noindex","follow":"nofollow"},"og_locale":"fr_FR","og_type":"article","og_title":"Politique de confidentialit\u00e9 - Hotel Cesaraugusta","og_description":"Politique de confidentialit\u00e9 En cumplimiento de lo establecido en el Reglamento (UE) 2016\/679 del Parlamento Europeo y del Consejo de 27 de abril de 2016 relativo a la protecci\u00f3n de las personas f\u00edsicas en lo que respecta al tratamiento de datos personales y a la libre circulaci\u00f3n de estos y en la Ley Org\u00e1nica 3\/2018,...","og_url":"https:\/\/www.hotelcesaraugusta.com\/fr\/politique-de-confidentialite\/","og_site_name":"Hotel Cesaraugusta","article_modified_time":"2022-12-27T10:16:00+00:00","twitter_card":"summary_large_image","twitter_misc":{"Dur\u00e9e de lecture est.":"4 minutes"},"schema":{"@context":"https:\/\/schema.org","@graph":[{"@type":"Organization","@id":"https:\/\/www.hotelcesaraugusta.com\/#organization","name":"Hotel Cesaraugusta","url":"https:\/\/www.hotelcesaraugusta.com\/","sameAs":[],"logo":{"@type":"ImageObject","@id":"https:\/\/www.hotelcesaraugusta.com\/#logo","inLanguage":"fr-FR","url":"https:\/\/www.hotelcesaraugusta.com\/wp-content\/uploads\/2020\/09\/logo-hotel-cesaraugusta.jpg","contentUrl":"https:\/\/www.hotelcesaraugusta.com\/wp-content\/uploads\/2020\/09\/logo-hotel-cesaraugusta.jpg","width":200,"height":91,"caption":"Hotel Cesaraugusta"},"image":{"@id":"https:\/\/www.hotelcesaraugusta.com\/#logo"}},{"@type":"WebSite","@id":"https:\/\/www.hotelcesaraugusta.com\/#website","url":"https:\/\/www.hotelcesaraugusta.com\/","name":"Hotel Cesaraugusta","description":"-Web Oficial-Tu hotel de confianza en Zaragoza","publisher":{"@id":"https:\/\/www.hotelcesaraugusta.com\/#organization"},"potentialAction":[{"@type":"SearchAction","target":{"@type":"EntryPoint","urlTemplate":"https:\/\/www.hotelcesaraugusta.com\/?s={search_term_string}"},"query-input":"required name=search_term_string"}],"inLanguage":"fr-FR"},{"@type":"WebPage","@id":"https:\/\/www.hotelcesaraugusta.com\/fr\/politique-de-confidentialite\/#webpage","url":"https:\/\/www.hotelcesaraugusta.com\/fr\/politique-de-confidentialite\/","name":"Politique de confidentialit\u00e9 - Hotel Cesaraugusta","isPartOf":{"@id":"https:\/\/www.hotelcesaraugusta.com\/#website"},"datePublished":"2021-11-16T22:54:26+00:00","dateModified":"2022-12-27T10:16:00+00:00","breadcrumb":{"@id":"https:\/\/www.hotelcesaraugusta.com\/fr\/politique-de-confidentialite\/#breadcrumb"},"inLanguage":"fr-FR","potentialAction":[{"@type":"ReadAction","target":["https:\/\/www.hotelcesaraugusta.com\/fr\/politique-de-confidentialite\/"]}]},{"@type":"BreadcrumbList","@id":"https:\/\/www.hotelcesaraugusta.com\/fr\/politique-de-confidentialite\/#breadcrumb","itemListElement":[{"@type":"ListItem","position":1,"name":"Portada","item":"https:\/\/www.hotelcesaraugusta.com\/fr\/"},{"@type":"ListItem","position":2,"name":"Politique de confidentialit\u00e9"}]}]}},"_links":{"self":[{"href":"https:\/\/www.hotelcesaraugusta.com\/fr\/wp-json\/wp\/v2\/pages\/8742"}],"collection":[{"href":"https:\/\/www.hotelcesaraugusta.com\/fr\/wp-json\/wp\/v2\/pages"}],"about":[{"href":"https:\/\/www.hotelcesaraugusta.com\/fr\/wp-json\/wp\/v2\/types\/page"}],"author":[{"embeddable":true,"href":"https:\/\/www.hotelcesaraugusta.com\/fr\/wp-json\/wp\/v2\/users\/1"}],"replies":[{"embeddable":true,"href":"https:\/\/www.hotelcesaraugusta.com\/fr\/wp-json\/wp\/v2\/comments?post=8742"}],"version-history":[{"count":3,"href":"https:\/\/www.hotelcesaraugusta.com\/fr\/wp-json\/wp\/v2\/pages\/8742\/revisions"}],"predecessor-version":[{"id":12116,"href":"https:\/\/www.hotelcesaraugusta.com\/fr\/wp-json\/wp\/v2\/pages\/8742\/revisions\/12116"}],"wp:attachment":[{"href":"https:\/\/www.hotelcesaraugusta.com\/fr\/wp-json\/wp\/v2\/media?parent=8742"}],"curies":[{"name":"wp","href":"https:\/\/api.w.org\/{rel}","templated":true}]}}