{"id":8744,"date":"2021-11-16T22:35:13","date_gmt":"2021-11-16T22:35:13","guid":{"rendered":"https:\/\/www.hotelcesaraugusta.com\/?page_id=8744"},"modified":"2024-03-21T16:05:07","modified_gmt":"2024-03-21T16:05:07","slug":"contactez-avec-nous","status":"publish","type":"page","link":"http:\/\/www.hotelcesaraugusta.com\/fr\/contactez-avec-nous\/","title":{"rendered":"Contactez avec nous"},"content":{"rendered":"<section class=\"l-section wpb_row us_custom_5c89f1ac height_medium width_full\"><div class=\"l-section-h i-cf\"><div class=\"g-cols vc_row type_default valign_top\"><div class=\"vc_col-sm-6 wpb_column vc_column_container animate_afb\"><div class=\"vc_column-inner us_custom_a120df70\"><div class=\"wpb_wrapper\"><div class=\"wpb_text_column us_custom_73ecbe0f\" ><div class=\"wpb_wrapper\"><p>Contactez avec nous<\/p>\n<\/div><\/div><div class=\"wpb_text_column us_custom_76c84d68\" ><div class=\"wpb_wrapper\"><p>\u00c0 n&rsquo;importe quel moment. Nous serons ravis de vous aider.<\/p>\n<\/div><\/div><div class=\"g-cols wpb_row  type_default valign_top vc_inner\"><div class=\"vc_col-sm-2\/5 wpb_column vc_column_container\"><div class=\"vc_column-inner\"><div class=\"wpb_wrapper\"><div class=\"w-iconbox iconpos_left style_default color_primary align_left no_text\"><a class=\"w-iconbox-link\" href=\"tel:+34%20976%2028%2027%2027\" aria-label=\"+34 976 28 27 27\"><div class=\"w-iconbox-icon\" style=\"font-size:22px;\"><i class=\"fal fa-phone\"><\/i><\/div><\/a><div class=\"w-iconbox-meta\"><a class=\"w-iconbox-link\" href=\"tel:+34%20976%2028%2027%2027\" aria-label=\"+34 976 28 27 27\"><span class=\"w-iconbox-title\">+34 976 28 27 27<\/span><\/a><\/div><\/div><\/div><\/div><\/div><div class=\"vc_col-sm-3\/5 wpb_column vc_column_container\"><div class=\"vc_column-inner\"><div class=\"wpb_wrapper\"><div class=\"w-iconbox iconpos_left style_default color_primary align_left no_text\"><a class=\"w-iconbox-link\" href=\"mailto:recepcion@hotelcesaraugusta.com\" aria-label=\"recepcion@hotelcesaraugusta.com\"><div class=\"w-iconbox-icon\" style=\"font-size:22px;\"><i class=\"fal fa-envelope\"><\/i><\/div><\/a><div class=\"w-iconbox-meta\"><a class=\"w-iconbox-link\" href=\"mailto:recepcion@hotelcesaraugusta.com\" aria-label=\"recepcion@hotelcesaraugusta.com\"><span class=\"w-iconbox-title\">recepcion@hotelcesaraugusta.com<\/span><\/a><\/div><\/div><\/div><\/div><\/div><\/div><\/div><\/div><\/div><div class=\"vc_col-sm-2\/5 wpb_column vc_column_container\"><div class=\"vc_column-inner us_custom_87700e11\"><div class=\"wpb_wrapper\"><div class=\"wpb_text_column us_custom_539f15ee\" ><div class=\"wpb_wrapper\"><h1>Contactez<\/h1>\n<\/div><\/div><div role=\"form\" class=\"wpcf7\" id=\"wpcf7-f8786-o1\" lang=\"es-ES\" dir=\"ltr\">\n<div class=\"screen-reader-response\"><p role=\"status\" aria-live=\"polite\" aria-atomic=\"true\"><\/p> <ul><\/ul><\/div>\n<form action=\"\/fr\/wp-json\/wp\/v2\/pages\/8744#wpcf7-f8786-o1\" method=\"post\" class=\"wpcf7-form init\" novalidate=\"novalidate\" data-status=\"init\">\n<div style=\"display: none;\">\n<input type=\"hidden\" name=\"_wpcf7\" value=\"8786\" \/>\n<input type=\"hidden\" name=\"_wpcf7_version\" value=\"5.4.2\" \/>\n<input type=\"hidden\" name=\"_wpcf7_locale\" value=\"es_ES\" \/>\n<input type=\"hidden\" name=\"_wpcf7_unit_tag\" value=\"wpcf7-f8786-o1\" \/>\n<input type=\"hidden\" name=\"_wpcf7_container_post\" value=\"0\" \/>\n<input type=\"hidden\" name=\"_wpcf7_posted_data_hash\" value=\"\" \/>\n<input type=\"hidden\" name=\"_wpcf7_recaptcha_response\" value=\"\" \/>\n<\/div>\n<p><label>Ton nom (obligatoire)<br \/>\n    <span class=\"wpcf7-form-control-wrap your-name\"><input type=\"text\" name=\"your-name\" value=\"\" size=\"40\" class=\"wpcf7-form-control wpcf7-text wpcf7-validates-as-required\" aria-required=\"true\" aria-invalid=\"false\" \/><\/span> <\/label><\/p>\n<p><label>Ton adresse mail (obligatoire)<br \/>\n    <span class=\"wpcf7-form-control-wrap your-email\"><input type=\"email\" name=\"your-email\" value=\"\" size=\"40\" class=\"wpcf7-form-control wpcf7-text wpcf7-email wpcf7-validates-as-required wpcf7-validates-as-email\" aria-required=\"true\" aria-invalid=\"false\" \/><\/span> <\/label><\/p>\n<p><label>Ton message<br \/>\n    <span class=\"wpcf7-form-control-wrap your-message\"><textarea name=\"your-message\" cols=\"40\" rows=\"10\" class=\"wpcf7-form-control wpcf7-textarea\" aria-invalid=\"false\"><\/textarea><\/span> <\/label><\/p>\n<p>Informations de base sur la protection des donn\u00e9es<br \/>\nResponsable: HOTELES CESARAUGUSTA, S.A.<br \/>\nFinalit\u00e9 : G\u00e9rer votre demande d\u2019informations.<br \/>\nDroits : Acc\u00e9der, rectifier et supprimer les donn\u00e9es, ainsi que d'autres droits, comme expliqu\u00e9 dans les informations compl\u00e9mentaires que vous pouvez consulter dans notre politique de confidentialit\u00e9.<\/p>\n<p><label><span class=\"wpcf7-form-control-wrap privacidad\"><span class=\"wpcf7-form-control wpcf7-acceptance\"><span class=\"wpcf7-list-item\"><input type=\"checkbox\" name=\"privacidad\" value=\"1\" aria-invalid=\"false\" \/><\/span><\/span><\/span> Vous acceptez notre <a href=\"\/fr\/politique-de-confidentialite\/\" target=\"_blank\">Politique de confidentialit\u00e9<\/a><\/label><\/p>\n<p><input type=\"submit\" value=\"Envoyer\" class=\"wpcf7-form-control wpcf7-submit\" \/><\/p>\n<div class=\"wpcf7-response-output\" aria-hidden=\"true\"><\/div><\/form><\/div><\/div><\/div><\/div><\/div><\/div><\/section><section class=\"l-section wpb_row us_custom_4af741be height_medium width_full\" id=\"loc\"><div class=\"l-section-h i-cf\"><div class=\"g-cols vc_row type_default valign_top\"><div class=\"vc_col-sm-12 wpb_column vc_column_container\"><div class=\"vc_column-inner\"><div class=\"wpb_wrapper\"><div class=\"wpb_text_column\" ><div class=\"wpb_wrapper\"><p><iframe loading=\"lazy\" style=\"border: 0;\" src=\"https:\/\/www.google.com\/maps\/embed?pb=!1m18!1m12!1m3!1d2981.306654657106!2d-0.8936759!3d41.649116!2m3!1f0!2f0!3f0!3m2!1i1024!2i768!4f13.1!3m3!1m2!1s0xd5914c4fcf8e3bf%3A0x7bebb14544b74534!2sCesaraugusta!5e0!3m2!1ses!2ses!4v1613905741172!5m2!1ses!2ses\" width=\"100%\" height=\"600\" allowfullscreen=\"allowfullscreen\" data-mce-fragment=\"1\"><\/iframe><\/p>\n<\/div><\/div><\/div><\/div><\/div><\/div><\/div><\/section>\n","protected":false},"excerpt":{"rendered":"Contactez avec nous \u00c0 n&rsquo;importe quel moment. Nous serons ravis de vous aider. +34 976 28 27 27recepcion@hotelcesaraugusta.comContactez Ton nom (obligatoire) Ton adresse mail (obligatoire) Ton message Informations de base sur la protection des donn\u00e9es Responsable: HOTELES CESARAUGUSTA, S.A. Finalit\u00e9 : G\u00e9rer votre demande d\u2019informations. Droits : Acc\u00e9der, rectifier et supprimer les donn\u00e9es, ainsi que...","protected":false},"author":1,"featured_media":0,"parent":0,"menu_order":0,"comment_status":"closed","ping_status":"closed","template":"","meta":[],"yoast_head":"<!-- This site is optimized with the Yoast SEO plugin v16.7 - https:\/\/yoast.com\/wordpress\/plugins\/seo\/ -->\n<title>Contactez avec nous - Hotel Cesaraugusta<\/title>\n<meta name=\"robots\" content=\"index, follow, max-snippet:-1, max-image-preview:large, max-video-preview:-1\" \/>\n<link rel=\"canonical\" href=\"http:\/\/www.hotelcesaraugusta.com\/fr\/contactez-avec-nous\/\" \/>\n<meta property=\"og:locale\" content=\"fr_FR\" \/>\n<meta property=\"og:type\" content=\"article\" \/>\n<meta property=\"og:title\" content=\"Contactez avec nous - Hotel Cesaraugusta\" \/>\n<meta property=\"og:url\" content=\"http:\/\/www.hotelcesaraugusta.com\/fr\/contactez-avec-nous\/\" \/>\n<meta property=\"og:site_name\" content=\"Hotel Cesaraugusta\" \/>\n<meta property=\"article:modified_time\" content=\"2024-03-21T16:05:07+00:00\" \/>\n<meta name=\"twitter:card\" content=\"summary_large_image\" \/>\n<meta name=\"twitter:label1\" content=\"Dur\u00e9e de lecture est.\" \/>\n\t<meta name=\"twitter:data1\" content=\"1 minute\" \/>\n<script type=\"application\/ld+json\" class=\"yoast-schema-graph\">{\"@context\":\"https:\/\/schema.org\",\"@graph\":[{\"@type\":\"Organization\",\"@id\":\"http:\/\/www.hotelcesaraugusta.com\/#organization\",\"name\":\"Hotel Cesaraugusta\",\"url\":\"http:\/\/www.hotelcesaraugusta.com\/\",\"sameAs\":[],\"logo\":{\"@type\":\"ImageObject\",\"@id\":\"http:\/\/www.hotelcesaraugusta.com\/#logo\",\"inLanguage\":\"fr-FR\",\"url\":\"https:\/\/www.hotelcesaraugusta.com\/wp-content\/uploads\/2020\/09\/logo-hotel-cesaraugusta.jpg\",\"contentUrl\":\"https:\/\/www.hotelcesaraugusta.com\/wp-content\/uploads\/2020\/09\/logo-hotel-cesaraugusta.jpg\",\"width\":200,\"height\":91,\"caption\":\"Hotel Cesaraugusta\"},\"image\":{\"@id\":\"http:\/\/www.hotelcesaraugusta.com\/#logo\"}},{\"@type\":\"WebSite\",\"@id\":\"http:\/\/www.hotelcesaraugusta.com\/#website\",\"url\":\"http:\/\/www.hotelcesaraugusta.com\/\",\"name\":\"Hotel Cesaraugusta\",\"description\":\"-Web Oficial-Tu hotel de confianza en Zaragoza\",\"publisher\":{\"@id\":\"http:\/\/www.hotelcesaraugusta.com\/#organization\"},\"potentialAction\":[{\"@type\":\"SearchAction\",\"target\":{\"@type\":\"EntryPoint\",\"urlTemplate\":\"http:\/\/www.hotelcesaraugusta.com\/?s={search_term_string}\"},\"query-input\":\"required name=search_term_string\"}],\"inLanguage\":\"fr-FR\"},{\"@type\":\"WebPage\",\"@id\":\"http:\/\/www.hotelcesaraugusta.com\/fr\/contactez-avec-nous\/#webpage\",\"url\":\"http:\/\/www.hotelcesaraugusta.com\/fr\/contactez-avec-nous\/\",\"name\":\"Contactez avec nous - Hotel Cesaraugusta\",\"isPartOf\":{\"@id\":\"http:\/\/www.hotelcesaraugusta.com\/#website\"},\"datePublished\":\"2021-11-16T22:35:13+00:00\",\"dateModified\":\"2024-03-21T16:05:07+00:00\",\"breadcrumb\":{\"@id\":\"http:\/\/www.hotelcesaraugusta.com\/fr\/contactez-avec-nous\/#breadcrumb\"},\"inLanguage\":\"fr-FR\",\"potentialAction\":[{\"@type\":\"ReadAction\",\"target\":[\"http:\/\/www.hotelcesaraugusta.com\/fr\/contactez-avec-nous\/\"]}]},{\"@type\":\"BreadcrumbList\",\"@id\":\"http:\/\/www.hotelcesaraugusta.com\/fr\/contactez-avec-nous\/#breadcrumb\",\"itemListElement\":[{\"@type\":\"ListItem\",\"position\":1,\"name\":\"Portada\",\"item\":\"http:\/\/www.hotelcesaraugusta.com\/fr\/\"},{\"@type\":\"ListItem\",\"position\":2,\"name\":\"Contactez avec nous\"}]}]}<\/script>\n<!-- \/ Yoast SEO plugin. -->","yoast_head_json":{"title":"Contactez avec nous - Hotel Cesaraugusta","robots":{"index":"index","follow":"follow","max-snippet":"max-snippet:-1","max-image-preview":"max-image-preview:large","max-video-preview":"max-video-preview:-1"},"canonical":"http:\/\/www.hotelcesaraugusta.com\/fr\/contactez-avec-nous\/","og_locale":"fr_FR","og_type":"article","og_title":"Contactez avec nous - Hotel Cesaraugusta","og_url":"http:\/\/www.hotelcesaraugusta.com\/fr\/contactez-avec-nous\/","og_site_name":"Hotel Cesaraugusta","article_modified_time":"2024-03-21T16:05:07+00:00","twitter_card":"summary_large_image","twitter_misc":{"Dur\u00e9e de lecture est.":"1 minute"},"schema":{"@context":"https:\/\/schema.org","@graph":[{"@type":"Organization","@id":"http:\/\/www.hotelcesaraugusta.com\/#organization","name":"Hotel Cesaraugusta","url":"http:\/\/www.hotelcesaraugusta.com\/","sameAs":[],"logo":{"@type":"ImageObject","@id":"http:\/\/www.hotelcesaraugusta.com\/#logo","inLanguage":"fr-FR","url":"https:\/\/www.hotelcesaraugusta.com\/wp-content\/uploads\/2020\/09\/logo-hotel-cesaraugusta.jpg","contentUrl":"https:\/\/www.hotelcesaraugusta.com\/wp-content\/uploads\/2020\/09\/logo-hotel-cesaraugusta.jpg","width":200,"height":91,"caption":"Hotel Cesaraugusta"},"image":{"@id":"http:\/\/www.hotelcesaraugusta.com\/#logo"}},{"@type":"WebSite","@id":"http:\/\/www.hotelcesaraugusta.com\/#website","url":"http:\/\/www.hotelcesaraugusta.com\/","name":"Hotel Cesaraugusta","description":"-Web Oficial-Tu hotel de confianza en Zaragoza","publisher":{"@id":"http:\/\/www.hotelcesaraugusta.com\/#organization"},"potentialAction":[{"@type":"SearchAction","target":{"@type":"EntryPoint","urlTemplate":"http:\/\/www.hotelcesaraugusta.com\/?s={search_term_string}"},"query-input":"required name=search_term_string"}],"inLanguage":"fr-FR"},{"@type":"WebPage","@id":"http:\/\/www.hotelcesaraugusta.com\/fr\/contactez-avec-nous\/#webpage","url":"http:\/\/www.hotelcesaraugusta.com\/fr\/contactez-avec-nous\/","name":"Contactez avec nous - Hotel Cesaraugusta","isPartOf":{"@id":"http:\/\/www.hotelcesaraugusta.com\/#website"},"datePublished":"2021-11-16T22:35:13+00:00","dateModified":"2024-03-21T16:05:07+00:00","breadcrumb":{"@id":"http:\/\/www.hotelcesaraugusta.com\/fr\/contactez-avec-nous\/#breadcrumb"},"inLanguage":"fr-FR","potentialAction":[{"@type":"ReadAction","target":["http:\/\/www.hotelcesaraugusta.com\/fr\/contactez-avec-nous\/"]}]},{"@type":"BreadcrumbList","@id":"http:\/\/www.hotelcesaraugusta.com\/fr\/contactez-avec-nous\/#breadcrumb","itemListElement":[{"@type":"ListItem","position":1,"name":"Portada","item":"http:\/\/www.hotelcesaraugusta.com\/fr\/"},{"@type":"ListItem","position":2,"name":"Contactez avec nous"}]}]}},"_links":{"self":[{"href":"http:\/\/www.hotelcesaraugusta.com\/fr\/wp-json\/wp\/v2\/pages\/8744"}],"collection":[{"href":"http:\/\/www.hotelcesaraugusta.com\/fr\/wp-json\/wp\/v2\/pages"}],"about":[{"href":"http:\/\/www.hotelcesaraugusta.com\/fr\/wp-json\/wp\/v2\/types\/page"}],"author":[{"embeddable":true,"href":"http:\/\/www.hotelcesaraugusta.com\/fr\/wp-json\/wp\/v2\/users\/1"}],"replies":[{"embeddable":true,"href":"http:\/\/www.hotelcesaraugusta.com\/fr\/wp-json\/wp\/v2\/comments?post=8744"}],"version-history":[{"count":5,"href":"http:\/\/www.hotelcesaraugusta.com\/fr\/wp-json\/wp\/v2\/pages\/8744\/revisions"}],"predecessor-version":[{"id":15170,"href":"http:\/\/www.hotelcesaraugusta.com\/fr\/wp-json\/wp\/v2\/pages\/8744\/revisions\/15170"}],"wp:attachment":[{"href":"http:\/\/www.hotelcesaraugusta.com\/fr\/wp-json\/wp\/v2\/media?parent=8744"}],"curies":[{"name":"wp","href":"https:\/\/api.w.org\/{rel}","templated":true}]}}