{"id":12124,"date":"2022-12-27T11:33:12","date_gmt":"2022-12-27T11:33:12","guid":{"rendered":"https:\/\/www.hotelcesaraugusta.com\/?page_id=12124"},"modified":"2022-12-27T11:33:12","modified_gmt":"2022-12-27T11:33:12","slug":"politique-de-cookies","status":"publish","type":"page","link":"http:\/\/www.hotelcesaraugusta.com\/fr\/politique-de-cookies\/","title":{"rendered":"Politique de cookies"},"content":{"rendered":"<section class=\"l-section wpb_row height_medium\"><div class=\"l-section-h i-cf\"><div class=\"g-cols vc_row type_default valign_top\"><div class=\"vc_col-sm-12 wpb_column vc_column_container\"><div class=\"vc_column-inner\"><div class=\"wpb_wrapper\"><div class=\"wpb_text_column\" ><div class=\"wpb_wrapper\"><h1>POL\u00cdTICA DE COOKIES<\/h1>\n<p><strong>\u00bfQu\u00e9 son las cookies?<\/strong><\/p>\n<p>Este sitio web utiliza cookies y\/o tecnolog\u00edas similares que almacenan y recuperan informaci\u00f3n cuando navegas. En general, estas tecnolog\u00edas pueden servir para finalidades muy diversas, como, por ejemplo, reconocerte como usuario, obtener informaci\u00f3n sobre tus h\u00e1bitos de navegaci\u00f3n, o personalizar la forma en que se muestra el contenido. Los usos concretos que hacemos de estas tecnolog\u00edas se describen a continuaci\u00f3n.<\/p>\n<p><strong>\u00bfPara qu\u00e9 utiliza las cookies esta p\u00e1gina web?<\/strong><\/p>\n<p>Esta p\u00e1gina web utiliza las cookies para una serie de finalidades, incluidas:<\/p>\n<ul>\n<li>An\u00e1lisis: son aquellas que, tratadas por nosotros o por terceros, nos permiten cuantificar el n\u00famero de usuarios y as\u00ed realizar la medici\u00f3n y an\u00e1lisis estad\u00edstico de la utilizaci\u00f3n que hacen los usuarios del servicio ofertado. Para ello se analiza su navegaci\u00f3n en nuestra p\u00e1gina web con el fin de mejorar la oferta de productos o servicios que le ofrecemos.<\/li>\n<li>Publicitarias: son aquellas que, tratadas por nosotros o por terceros, nos permiten analizar sus h\u00e1bitos de navegaci\u00f3n en Internet para que podamos mostrarle publicidad relacionada con su perfil de navegaci\u00f3n.<\/li>\n<\/ul>\n<p><strong>\u00bfQui\u00e9n utiliza las cookies en esta p\u00e1gina web?<\/strong><\/p>\n<p>La identificaci\u00f3n de qui\u00e9n utiliza las cookies, el tipo de cookies utilizadas y dem\u00e1s detalles, se indica a continuaci\u00f3n:<\/p>\n<table width=\"100%\">\n<tbody>\n<tr>\n<td colspan=\"4\" width=\"642\">COOKIES PROPIAS<\/td>\n<\/tr>\n<tr>\n<td width=\"128\">Entidad que utiliza las cookies<\/td>\n<td width=\"64\">Cookies<\/td>\n<td width=\"321\">Prop\u00f3sito<\/td>\n<td width=\"128\">Periodo de conservaci\u00f3n<\/td>\n<\/tr>\n<tr>\n<td width=\"128\">El propietario de esta web<\/td>\n<td width=\"64\"><\/td>\n<td width=\"321\"><\/td>\n<td width=\"128\"><\/td>\n<\/tr>\n<\/tbody>\n<\/table>\n<p>&nbsp;<\/p>\n<table width=\"100%\">\n<tbody>\n<tr>\n<td colspan=\"3\" width=\"514\">COOKIES DE TERCEROS<\/td>\n<td width=\"128\"><\/td>\n<\/tr>\n<tr>\n<td width=\"128\">Entidad que utiliza las cookies<\/td>\n<td width=\"64\">Cookies<\/td>\n<td width=\"321\">Prop\u00f3sito<\/td>\n<td width=\"128\">M\u00e1s informaci\u00f3n<\/td>\n<\/tr>\n<tr>\n<td width=\"128\">Google Analytics<\/td>\n<td width=\"64\"><\/td>\n<td width=\"321\">Recoger informaci\u00f3n sobre la navegaci\u00f3n de los usuarios por el sitio con el fin de conocer el origen de las visitas y otros datos similares a nivel estad\u00edstico.<\/td>\n<td width=\"128\"><a href=\"https:\/\/developers.google.com\/analytics\/devguides\/collection\/analyticsjs\/cookie-usage\">Google Analytics<\/a><br \/>\n<a href=\"http:\/\/www.google.com\/intl\/es\/privacy.html\">Centro de privacidad de Google<\/a><\/td>\n<\/tr>\n<\/tbody>\n<\/table>\n<p>&nbsp;<\/p>\n<p>Nota: Las cookies de tipo \u201cPropias\u201d son utilizadas s\u00f3lo por el propietario de esta web y las cookies \u201cDe terceros\u201d son utilizadas, tambi\u00e9n, por el prestador del servicio que est\u00e1 detallado la tabla anterior.<\/p>\n<p>Puede informarse de las transferencias a terceros pa\u00edses que, en su caso, realizan los terceros identificados en esta pol\u00edtica de cookies en sus correspondientes pol\u00edticas (ver los enlaces facilitados en el apartado \u201cM\u00e1s informaci\u00f3n\u201d de la tabla anterior).<\/p>\n<p><strong>\u00bfC\u00f3mo puedo desactivar o eliminar estas cookies?<\/strong><\/p>\n<p>Puede usted permitir o bloquear las cookies, as\u00ed como borrar sus datos de navegaci\u00f3n (incluidas las cookies) desde el navegador que usted utiliza. Consulte las opciones e instrucciones que ofrece su navegador para ello. Tenga en cuenta que si acepta las cookies de terceros, deber\u00e1 eliminarlas desde las opciones del navegador.<\/p>\n<p>A continuaci\u00f3n tiene disponibles los enlaces con la informaci\u00f3n para gestionar las cookies de los navegadores m\u00e1s utilizados:<\/p>\n<ul>\n<li>Firefox: http:\/\/support.mozilla.org\/es\/kb\/habilitar-y-deshabilitar-cookies-que-los-sitios-we<\/li>\n<li>Chrome: http:\/\/support.google.com\/chrome\/bin\/answer.py?hl=es&amp;answer=95647<\/li>\n<li>Internet Explorer: https:\/\/support.microsoft.com\/es-es\/help\/278835\/how-to-delete-cookie-files-in-internet-explorer<\/li>\n<li>Microsoft Edge:https:\/\/support.microsoft.com\/es-es\/help\/4468242\/microsoft-edge-browsing-data-and-privacy-microsoft-privacy<\/li>\n<li>Safari: http:\/\/support.apple.com\/kb\/ph5042<\/li>\n<li>Opera: http:\/\/help.opera.com\/Windows\/11.50\/es-ES\/cookies.html<\/li>\n<li>Otros navegadores: consulte la documentaci\u00f3n del navegador que tenga instalado.<\/li>\n<\/ul>\n<p>Complemento de inhabilitaci\u00f3n para navegadores de Google Analytics<\/p>\n<p>Si desea rechazar las cookies anal\u00edticas de Google Analytics en todos los navegadores, de forma que no se env\u00ede informaci\u00f3n suya a Google Analytics, puede descargar un complemento que realiza esta funci\u00f3n desde este enlace: https:\/\/tools.google.com\/dlpage\/gaoptout.<\/p>\n<\/div><\/div><\/div><\/div><\/div><\/div><\/div><\/section>\n","protected":false},"excerpt":{"rendered":"POL\u00cdTICA DE COOKIES \u00bfQu\u00e9 son las cookies? Este sitio web utiliza cookies y\/o tecnolog\u00edas similares que almacenan y recuperan informaci\u00f3n cuando navegas. En general, estas tecnolog\u00edas pueden servir para finalidades muy diversas, como, por ejemplo, reconocerte como usuario, obtener informaci\u00f3n sobre tus h\u00e1bitos de navegaci\u00f3n, o personalizar la forma en que se muestra el contenido....","protected":false},"author":1,"featured_media":0,"parent":0,"menu_order":0,"comment_status":"closed","ping_status":"closed","template":"","meta":[],"yoast_head":"<!-- This site is optimized with the Yoast SEO plugin v16.7 - https:\/\/yoast.com\/wordpress\/plugins\/seo\/ -->\n<title>Politique de cookies - Hotel Cesaraugusta<\/title>\n<meta name=\"robots\" content=\"noindex, nofollow\" \/>\n<meta property=\"og:locale\" content=\"fr_FR\" \/>\n<meta property=\"og:type\" content=\"article\" \/>\n<meta property=\"og:title\" content=\"Politique de cookies - Hotel Cesaraugusta\" \/>\n<meta property=\"og:url\" content=\"https:\/\/www.hotelcesaraugusta.com\/fr\/politique-de-cookies\/\" \/>\n<meta property=\"og:site_name\" content=\"Hotel Cesaraugusta\" \/>\n<meta name=\"twitter:card\" content=\"summary_large_image\" \/>\n<meta name=\"twitter:label1\" content=\"Dur\u00e9e de lecture est.\" \/>\n\t<meta name=\"twitter:data1\" content=\"3 minutes\" \/>\n<script type=\"application\/ld+json\" class=\"yoast-schema-graph\">{\"@context\":\"https:\/\/schema.org\",\"@graph\":[{\"@type\":\"Organization\",\"@id\":\"https:\/\/www.hotelcesaraugusta.com\/#organization\",\"name\":\"Hotel Cesaraugusta\",\"url\":\"https:\/\/www.hotelcesaraugusta.com\/\",\"sameAs\":[],\"logo\":{\"@type\":\"ImageObject\",\"@id\":\"https:\/\/www.hotelcesaraugusta.com\/#logo\",\"inLanguage\":\"fr-FR\",\"url\":\"https:\/\/www.hotelcesaraugusta.com\/wp-content\/uploads\/2020\/09\/logo-hotel-cesaraugusta.jpg\",\"contentUrl\":\"https:\/\/www.hotelcesaraugusta.com\/wp-content\/uploads\/2020\/09\/logo-hotel-cesaraugusta.jpg\",\"width\":200,\"height\":91,\"caption\":\"Hotel Cesaraugusta\"},\"image\":{\"@id\":\"https:\/\/www.hotelcesaraugusta.com\/#logo\"}},{\"@type\":\"WebSite\",\"@id\":\"https:\/\/www.hotelcesaraugusta.com\/#website\",\"url\":\"https:\/\/www.hotelcesaraugusta.com\/\",\"name\":\"Hotel Cesaraugusta\",\"description\":\"-Web Oficial-Tu hotel de confianza en Zaragoza\",\"publisher\":{\"@id\":\"https:\/\/www.hotelcesaraugusta.com\/#organization\"},\"potentialAction\":[{\"@type\":\"SearchAction\",\"target\":{\"@type\":\"EntryPoint\",\"urlTemplate\":\"https:\/\/www.hotelcesaraugusta.com\/?s={search_term_string}\"},\"query-input\":\"required name=search_term_string\"}],\"inLanguage\":\"fr-FR\"},{\"@type\":\"WebPage\",\"@id\":\"https:\/\/www.hotelcesaraugusta.com\/fr\/politique-de-cookies\/#webpage\",\"url\":\"https:\/\/www.hotelcesaraugusta.com\/fr\/politique-de-cookies\/\",\"name\":\"Politique de cookies - Hotel Cesaraugusta\",\"isPartOf\":{\"@id\":\"https:\/\/www.hotelcesaraugusta.com\/#website\"},\"datePublished\":\"2022-12-27T11:33:12+00:00\",\"dateModified\":\"2022-12-27T11:33:12+00:00\",\"breadcrumb\":{\"@id\":\"https:\/\/www.hotelcesaraugusta.com\/fr\/politique-de-cookies\/#breadcrumb\"},\"inLanguage\":\"fr-FR\",\"potentialAction\":[{\"@type\":\"ReadAction\",\"target\":[\"https:\/\/www.hotelcesaraugusta.com\/fr\/politique-de-cookies\/\"]}]},{\"@type\":\"BreadcrumbList\",\"@id\":\"https:\/\/www.hotelcesaraugusta.com\/fr\/politique-de-cookies\/#breadcrumb\",\"itemListElement\":[{\"@type\":\"ListItem\",\"position\":1,\"name\":\"Portada\",\"item\":\"https:\/\/www.hotelcesaraugusta.com\/fr\/\"},{\"@type\":\"ListItem\",\"position\":2,\"name\":\"Politique de cookies\"}]}]}<\/script>\n<!-- \/ Yoast SEO plugin. -->","yoast_head_json":{"title":"Politique de cookies - Hotel Cesaraugusta","robots":{"index":"noindex","follow":"nofollow"},"og_locale":"fr_FR","og_type":"article","og_title":"Politique de cookies - Hotel Cesaraugusta","og_url":"https:\/\/www.hotelcesaraugusta.com\/fr\/politique-de-cookies\/","og_site_name":"Hotel Cesaraugusta","twitter_card":"summary_large_image","twitter_misc":{"Dur\u00e9e de lecture est.":"3 minutes"},"schema":{"@context":"https:\/\/schema.org","@graph":[{"@type":"Organization","@id":"https:\/\/www.hotelcesaraugusta.com\/#organization","name":"Hotel Cesaraugusta","url":"https:\/\/www.hotelcesaraugusta.com\/","sameAs":[],"logo":{"@type":"ImageObject","@id":"https:\/\/www.hotelcesaraugusta.com\/#logo","inLanguage":"fr-FR","url":"https:\/\/www.hotelcesaraugusta.com\/wp-content\/uploads\/2020\/09\/logo-hotel-cesaraugusta.jpg","contentUrl":"https:\/\/www.hotelcesaraugusta.com\/wp-content\/uploads\/2020\/09\/logo-hotel-cesaraugusta.jpg","width":200,"height":91,"caption":"Hotel Cesaraugusta"},"image":{"@id":"https:\/\/www.hotelcesaraugusta.com\/#logo"}},{"@type":"WebSite","@id":"https:\/\/www.hotelcesaraugusta.com\/#website","url":"https:\/\/www.hotelcesaraugusta.com\/","name":"Hotel Cesaraugusta","description":"-Web Oficial-Tu hotel de confianza en Zaragoza","publisher":{"@id":"https:\/\/www.hotelcesaraugusta.com\/#organization"},"potentialAction":[{"@type":"SearchAction","target":{"@type":"EntryPoint","urlTemplate":"https:\/\/www.hotelcesaraugusta.com\/?s={search_term_string}"},"query-input":"required name=search_term_string"}],"inLanguage":"fr-FR"},{"@type":"WebPage","@id":"https:\/\/www.hotelcesaraugusta.com\/fr\/politique-de-cookies\/#webpage","url":"https:\/\/www.hotelcesaraugusta.com\/fr\/politique-de-cookies\/","name":"Politique de cookies - Hotel Cesaraugusta","isPartOf":{"@id":"https:\/\/www.hotelcesaraugusta.com\/#website"},"datePublished":"2022-12-27T11:33:12+00:00","dateModified":"2022-12-27T11:33:12+00:00","breadcrumb":{"@id":"https:\/\/www.hotelcesaraugusta.com\/fr\/politique-de-cookies\/#breadcrumb"},"inLanguage":"fr-FR","potentialAction":[{"@type":"ReadAction","target":["https:\/\/www.hotelcesaraugusta.com\/fr\/politique-de-cookies\/"]}]},{"@type":"BreadcrumbList","@id":"https:\/\/www.hotelcesaraugusta.com\/fr\/politique-de-cookies\/#breadcrumb","itemListElement":[{"@type":"ListItem","position":1,"name":"Portada","item":"https:\/\/www.hotelcesaraugusta.com\/fr\/"},{"@type":"ListItem","position":2,"name":"Politique de cookies"}]}]}},"_links":{"self":[{"href":"http:\/\/www.hotelcesaraugusta.com\/fr\/wp-json\/wp\/v2\/pages\/12124"}],"collection":[{"href":"http:\/\/www.hotelcesaraugusta.com\/fr\/wp-json\/wp\/v2\/pages"}],"about":[{"href":"http:\/\/www.hotelcesaraugusta.com\/fr\/wp-json\/wp\/v2\/types\/page"}],"author":[{"embeddable":true,"href":"http:\/\/www.hotelcesaraugusta.com\/fr\/wp-json\/wp\/v2\/users\/1"}],"replies":[{"embeddable":true,"href":"http:\/\/www.hotelcesaraugusta.com\/fr\/wp-json\/wp\/v2\/comments?post=12124"}],"version-history":[{"count":1,"href":"http:\/\/www.hotelcesaraugusta.com\/fr\/wp-json\/wp\/v2\/pages\/12124\/revisions"}],"predecessor-version":[{"id":12126,"href":"http:\/\/www.hotelcesaraugusta.com\/fr\/wp-json\/wp\/v2\/pages\/12124\/revisions\/12126"}],"wp:attachment":[{"href":"http:\/\/www.hotelcesaraugusta.com\/fr\/wp-json\/wp\/v2\/media?parent=12124"}],"curies":[{"name":"wp","href":"https:\/\/api.w.org\/{rel}","templated":true}]}}