{"id":15233,"date":"2024-03-21T22:33:57","date_gmt":"2024-03-21T22:33:57","guid":{"rendered":"https:\/\/www.hotelcesaraugusta.com\/?page_id=15233"},"modified":"2024-03-21T22:33:57","modified_gmt":"2024-03-21T22:33:57","slug":"condiciones-generales","status":"publish","type":"page","link":"http:\/\/www.hotelcesaraugusta.com\/en\/condiciones-generales\/","title":{"rendered":"Condiciones generales"},"content":{"rendered":"<section class=\"l-section wpb_row height_medium\"><div class=\"l-section-h i-cf\"><div class=\"g-cols vc_row type_default valign_top\"><div class=\"vc_col-sm-12 wpb_column vc_column_container\"><div class=\"vc_column-inner\"><div class=\"wpb_wrapper\"><div class=\"wpb_text_column\" ><div class=\"wpb_wrapper\"><h1><strong>CONDICIONES RESERVA ONLINE HOTEL CESARAUGUSTA<\/strong><\/h1>\n<ol>\n<li><strong> INFORMACI\u00d3N GENERAL<\/strong><\/li>\n<\/ol>\n<p>Las presentes Condiciones Generales de Contrataci\u00f3n regulan los servicios de Reserva Online ofertados en el sitio web <strong>www.hotelcesaraugusta.com<\/strong> del que es titular Hoteles Cesaraugusta, S.A. (en adelante, HOTEL CESARAUGUSTA).<\/p>\n<p>La utilizaci\u00f3n de los servicios de reserva online conlleva la aceptaci\u00f3n plena de cada una de las Condiciones Generales que se indican, sin perjuicio de la aceptaci\u00f3n de las Condiciones Particulares que pudieran ser de aplicaci\u00f3n al adquirir determinados servicios.<\/p>\n<p>Estas Condiciones Generales podr\u00e1n ser modificadas sin notificaci\u00f3n previa, por tanto, es recomendable leer atentamente su contenido antes de proceder al uso de los servicios.<\/p>\n<ol>\n<li><strong> IDENTIFICACI\u00d3N<\/strong><\/li>\n<\/ol>\n<p>HOTEL CESARAUGUSTA, en cumplimiento de la Ley 34\/2002, de 11 de julio, de Servicios de la Sociedad de la Informaci\u00f3n y de Comercio Electr\u00f3nico, le informa de que:<\/p>\n<ul>\n<li>Su denominaci\u00f3n social es:\u00a0 Hoteles Cesaraugusta, S.A<\/li>\n<li>Su nombre comercial es: HOTEL CESARAUGUSTA<\/li>\n<li>Su CIF es: A50123892<\/li>\n<li>Su domicilio social est\u00e1 en: Avenida Jos\u00e9 Anselmo Clav\u00e9 N.\u00ba 45, 50009 de Zaragoza.<\/li>\n<\/ul>\n<ol start=\"2\">\n<li><strong> COMUNICACIONES<\/strong><\/li>\n<\/ol>\n<p>Para comunicarse con nosotros, ponemos a su disposici\u00f3n diferentes medios de contacto que detallamos a continuaci\u00f3n:<\/p>\n<ul>\n<li>Tel\u00e9fono: 976 282 727<\/li>\n<li>Email: recepcion@hotelcesaraugusta.com<\/li>\n<li>Direcci\u00f3n postal:\u00a0 Avenida Jos\u00e9 Anselmo Clav\u00e9 N.\u00ba 45, 50009 de Zaragoza<\/li>\n<\/ul>\n<p>Todas las notificaciones y comunicaciones entre los usuarios y HOTEL CESARAUGUSTA se considerar\u00e1n eficaces, a todos los efectos, cuando se realicen a trav\u00e9s de cualquier medio de los detallados anteriormente.<\/p>\n<ol start=\"3\">\n<li><strong> SERVICIOS DE RESERVA ONLINE<\/strong><\/li>\n<\/ol>\n<p>Los servicios de Reserva on-line tienen por finalidad la reserva de una habitaci\u00f3n en el establecimiento del\u00a0 HOTEL CESARAUGUSTA.<\/p>\n<p>Una vez dentro de www.hotelcesaraugusta.com, el Usuario deber\u00e1 seguir todas las instrucciones indicadas en el proceso de reserva, lo cual supondr\u00e1 la lectura y aceptaci\u00f3n de todas las condiciones generales y particulares fijadas en www.hotelcesaraugusta.com<\/p>\n<ol start=\"4\">\n<li><strong> PROCESO DE CONTRATACI\u00d3N<\/strong><\/li>\n<\/ol>\n<p>Para realizar su reserva siga las instrucciones indicadas en el sitio web:<\/p>\n<ol>\n<li>Seleccione fecha de llegada y salida<\/li>\n<li>A\u00f1ada el n\u00famero de habitaciones deseadas para la b\u00fasqueda<\/li>\n<li>Indique el n\u00famero de adultos y ni\u00f1os por cada habitaci\u00f3n<\/li>\n<li>Indique las edades de los ni\u00f1os<\/li>\n<li>Introducir c\u00f3digo promocional, en caso de tenerlo<\/li>\n<li>Hacer click \u00a0\u00a0\u00a0BUSCARPara iniciar la b\u00fasqueda<\/li>\n<\/ol>\n<p>En pantalla aparecer\u00e1 el precio de la habitaci\u00f3n o habitaciones seleccionadas con el IVA incluido. Asimismo se indicar\u00e1 si existe una oferta o promoci\u00f3n asociada a la habitaci\u00f3n.<\/p>\n<p>Garantia de reserva: La tarjeta de cr\u00e9dito es requerida para garantizar su reserva.<\/p>\n<p>Una vez finalizado el proceso, el usuario recibir\u00e1 un correo electr\u00f3nico de confirmaci\u00f3n que recomendamos imprima o guarde una copia en soporte duradero, ya que le servir\u00e1 como comprobante de su reserva.<\/p>\n<ol start=\"5\">\n<li><strong> PRECIOS, GASTOS E IMPUESTOS<\/strong><\/li>\n<\/ol>\n<p>Los precios de las habitaciones por noche que se recogen en www.hotelcesaraugusta.com vendr\u00e1n expresados en Euros salvo que se exprese lo contrario y estar\u00e1n garantizados durante el tiempo de validez de los mismos.<\/p>\n<p>Los productos tienen el IVA incluido. El tipo del Iva ser\u00e1 el vigente en el momento de la estancia en el hotel.<\/p>\n<p>Los precios de las habitaciones pueden variar en cualquier momento. En este caso, el precio a aplicar ser\u00e1 el vigente en la fecha de realizaci\u00f3n de la reserva. De cualquier modo, el coste final ser\u00e1 comunicado al cliente en el proceso de reserva online antes de que \u00e9ste formalice su aceptaci\u00f3n.<\/p>\n<ol start=\"6\">\n<li><strong> POL\u00cdTICA DE CANCELACIONES<\/strong><\/li>\n<\/ol>\n<p>Las reservas se mantienen hasta las 18:00 horas del d\u00eda de entrada.<\/p>\n<p>Se puede cancelar gratuitamente hasta 24 horas antes del d\u00eda de la entrada. En caso de no presentarse se pasar\u00eda el cargo de la primera noche.\u00a0 <u>Para reservas no reembolsables<\/u>, <u>no se permiten cancelaciones<\/u>, pudiendo el hotel realizar el cargo el d\u00eda de la reserva. (En caso de no presentarse, la reserva sol\u00f3 se mantiene para la primera noche).<\/p>\n<ol start=\"7\">\n<li><strong> RESPONSABILIDAD<\/strong><\/li>\n<\/ol>\n<p>El usuario se compromete utilizar los servicios de manera acorde a la Ley, moral, buenas costumbres y orden p\u00fablico, as\u00ed como con lo dispuesto en las presentes Condiciones Generales de Contrataci\u00f3n. En consecuencia, queda obligado a no utilizar los servicios, con fines o efectos il\u00edcitos y\/o contrarios a lo establecido en las presentes Condiciones Generales de Contrataci\u00f3n, lesivos de derechos y\/o intereses de terceros o que, de cualquier forma, puedan da\u00f1ar los servicios de HOTEL CESARAUGUSTA y\/o su imagen.<\/p>\n<ol start=\"8\">\n<li><strong> ATENCI\u00d3N AL CLIENTE Y RECLAMACIONES<\/strong><\/li>\n<\/ol>\n<p>Para cualquier aclaraci\u00f3n sobre el proceso de reserva, interponer cualquier queja o reclamaci\u00f3n ante HOTEL CESARAUGUSTA el cliente deber\u00e1 dirigirse a <a href=\"mailto:recepcion@hotelcesarugusta.com\">recepcion@hotelcesaraugusta.com<\/a> o a trav\u00e9s del n\u00famero de tel\u00e9fono: 976 282 727\u00a0.<\/p>\n<ol start=\"9\">\n<li><strong> LEGISLACI\u00d3N APLICABLE<\/strong><\/li>\n<\/ol>\n<p>Las condiciones presentes se regir\u00e1n por la legislaci\u00f3n espa\u00f1ola vigente.<\/p>\n<p>La lengua utilizada ser\u00e1 el Castellano.<\/p>\n<\/div><\/div><\/div><\/div><\/div><\/div><\/div><\/section>\n","protected":false},"excerpt":{"rendered":"CONDICIONES RESERVA ONLINE HOTEL CESARAUGUSTA INFORMACI\u00d3N GENERAL Las presentes Condiciones Generales de Contrataci\u00f3n regulan los servicios de Reserva Online ofertados en el sitio web www.hotelcesaraugusta.com del que es titular Hoteles Cesaraugusta, S.A. (en adelante, HOTEL CESARAUGUSTA). La utilizaci\u00f3n de los servicios de reserva online conlleva la aceptaci\u00f3n plena de cada una de las Condiciones Generales...","protected":false},"author":1,"featured_media":0,"parent":0,"menu_order":0,"comment_status":"closed","ping_status":"closed","template":"","meta":[],"yoast_head":"<!-- This site is optimized with the Yoast SEO plugin v16.7 - https:\/\/yoast.com\/wordpress\/plugins\/seo\/ -->\n<title>Condiciones generales - Hotel Cesaraugusta<\/title>\n<meta name=\"robots\" content=\"index, follow, max-snippet:-1, max-image-preview:large, max-video-preview:-1\" \/>\n<link rel=\"canonical\" href=\"http:\/\/www.hotelcesaraugusta.com\/en\/condiciones-generales\/\" \/>\n<meta property=\"og:locale\" content=\"en_US\" \/>\n<meta property=\"og:type\" content=\"article\" \/>\n<meta property=\"og:title\" content=\"Condiciones generales - Hotel Cesaraugusta\" \/>\n<meta property=\"og:url\" content=\"http:\/\/www.hotelcesaraugusta.com\/en\/condiciones-generales\/\" \/>\n<meta property=\"og:site_name\" content=\"Hotel Cesaraugusta\" \/>\n<meta name=\"twitter:card\" content=\"summary_large_image\" \/>\n<meta name=\"twitter:label1\" content=\"Est. reading time\" \/>\n\t<meta name=\"twitter:data1\" content=\"4 minutes\" \/>\n<script type=\"application\/ld+json\" class=\"yoast-schema-graph\">{\"@context\":\"https:\/\/schema.org\",\"@graph\":[{\"@type\":\"Organization\",\"@id\":\"https:\/\/www.hotelcesaraugusta.com\/#organization\",\"name\":\"Hotel Cesaraugusta\",\"url\":\"https:\/\/www.hotelcesaraugusta.com\/\",\"sameAs\":[],\"logo\":{\"@type\":\"ImageObject\",\"@id\":\"https:\/\/www.hotelcesaraugusta.com\/#logo\",\"inLanguage\":\"en-US\",\"url\":\"https:\/\/www.hotelcesaraugusta.com\/wp-content\/uploads\/2020\/09\/logo-hotel-cesaraugusta.jpg\",\"contentUrl\":\"https:\/\/www.hotelcesaraugusta.com\/wp-content\/uploads\/2020\/09\/logo-hotel-cesaraugusta.jpg\",\"width\":200,\"height\":91,\"caption\":\"Hotel Cesaraugusta\"},\"image\":{\"@id\":\"https:\/\/www.hotelcesaraugusta.com\/#logo\"}},{\"@type\":\"WebSite\",\"@id\":\"https:\/\/www.hotelcesaraugusta.com\/#website\",\"url\":\"https:\/\/www.hotelcesaraugusta.com\/\",\"name\":\"Hotel Cesaraugusta\",\"description\":\"-Web Oficial-Tu hotel de confianza en Zaragoza\",\"publisher\":{\"@id\":\"https:\/\/www.hotelcesaraugusta.com\/#organization\"},\"potentialAction\":[{\"@type\":\"SearchAction\",\"target\":{\"@type\":\"EntryPoint\",\"urlTemplate\":\"https:\/\/www.hotelcesaraugusta.com\/?s={search_term_string}\"},\"query-input\":\"required name=search_term_string\"}],\"inLanguage\":\"en-US\"},{\"@type\":\"WebPage\",\"@id\":\"http:\/\/www.hotelcesaraugusta.com\/en\/condiciones-generales\/#webpage\",\"url\":\"http:\/\/www.hotelcesaraugusta.com\/en\/condiciones-generales\/\",\"name\":\"Condiciones generales - Hotel Cesaraugusta\",\"isPartOf\":{\"@id\":\"https:\/\/www.hotelcesaraugusta.com\/#website\"},\"datePublished\":\"2024-03-21T22:33:57+00:00\",\"dateModified\":\"2024-03-21T22:33:57+00:00\",\"breadcrumb\":{\"@id\":\"http:\/\/www.hotelcesaraugusta.com\/en\/condiciones-generales\/#breadcrumb\"},\"inLanguage\":\"en-US\",\"potentialAction\":[{\"@type\":\"ReadAction\",\"target\":[\"http:\/\/www.hotelcesaraugusta.com\/en\/condiciones-generales\/\"]}]},{\"@type\":\"BreadcrumbList\",\"@id\":\"http:\/\/www.hotelcesaraugusta.com\/en\/condiciones-generales\/#breadcrumb\",\"itemListElement\":[{\"@type\":\"ListItem\",\"position\":1,\"name\":\"Portada\",\"item\":\"http:\/\/www.hotelcesaraugusta.com\/en\/\"},{\"@type\":\"ListItem\",\"position\":2,\"name\":\"Condiciones generales\"}]}]}<\/script>\n<!-- \/ Yoast SEO plugin. -->","yoast_head_json":{"title":"Condiciones generales - Hotel Cesaraugusta","robots":{"index":"index","follow":"follow","max-snippet":"max-snippet:-1","max-image-preview":"max-image-preview:large","max-video-preview":"max-video-preview:-1"},"canonical":"http:\/\/www.hotelcesaraugusta.com\/en\/condiciones-generales\/","og_locale":"en_US","og_type":"article","og_title":"Condiciones generales - Hotel Cesaraugusta","og_url":"http:\/\/www.hotelcesaraugusta.com\/en\/condiciones-generales\/","og_site_name":"Hotel Cesaraugusta","twitter_card":"summary_large_image","twitter_misc":{"Est. reading time":"4 minutes"},"schema":{"@context":"https:\/\/schema.org","@graph":[{"@type":"Organization","@id":"https:\/\/www.hotelcesaraugusta.com\/#organization","name":"Hotel Cesaraugusta","url":"https:\/\/www.hotelcesaraugusta.com\/","sameAs":[],"logo":{"@type":"ImageObject","@id":"https:\/\/www.hotelcesaraugusta.com\/#logo","inLanguage":"en-US","url":"https:\/\/www.hotelcesaraugusta.com\/wp-content\/uploads\/2020\/09\/logo-hotel-cesaraugusta.jpg","contentUrl":"https:\/\/www.hotelcesaraugusta.com\/wp-content\/uploads\/2020\/09\/logo-hotel-cesaraugusta.jpg","width":200,"height":91,"caption":"Hotel Cesaraugusta"},"image":{"@id":"https:\/\/www.hotelcesaraugusta.com\/#logo"}},{"@type":"WebSite","@id":"https:\/\/www.hotelcesaraugusta.com\/#website","url":"https:\/\/www.hotelcesaraugusta.com\/","name":"Hotel Cesaraugusta","description":"-Web Oficial-Tu hotel de confianza en Zaragoza","publisher":{"@id":"https:\/\/www.hotelcesaraugusta.com\/#organization"},"potentialAction":[{"@type":"SearchAction","target":{"@type":"EntryPoint","urlTemplate":"https:\/\/www.hotelcesaraugusta.com\/?s={search_term_string}"},"query-input":"required name=search_term_string"}],"inLanguage":"en-US"},{"@type":"WebPage","@id":"http:\/\/www.hotelcesaraugusta.com\/en\/condiciones-generales\/#webpage","url":"http:\/\/www.hotelcesaraugusta.com\/en\/condiciones-generales\/","name":"Condiciones generales - Hotel Cesaraugusta","isPartOf":{"@id":"https:\/\/www.hotelcesaraugusta.com\/#website"},"datePublished":"2024-03-21T22:33:57+00:00","dateModified":"2024-03-21T22:33:57+00:00","breadcrumb":{"@id":"http:\/\/www.hotelcesaraugusta.com\/en\/condiciones-generales\/#breadcrumb"},"inLanguage":"en-US","potentialAction":[{"@type":"ReadAction","target":["http:\/\/www.hotelcesaraugusta.com\/en\/condiciones-generales\/"]}]},{"@type":"BreadcrumbList","@id":"http:\/\/www.hotelcesaraugusta.com\/en\/condiciones-generales\/#breadcrumb","itemListElement":[{"@type":"ListItem","position":1,"name":"Portada","item":"http:\/\/www.hotelcesaraugusta.com\/en\/"},{"@type":"ListItem","position":2,"name":"Condiciones generales"}]}]}},"_links":{"self":[{"href":"http:\/\/www.hotelcesaraugusta.com\/en\/wp-json\/wp\/v2\/pages\/15233"}],"collection":[{"href":"http:\/\/www.hotelcesaraugusta.com\/en\/wp-json\/wp\/v2\/pages"}],"about":[{"href":"http:\/\/www.hotelcesaraugusta.com\/en\/wp-json\/wp\/v2\/types\/page"}],"author":[{"embeddable":true,"href":"http:\/\/www.hotelcesaraugusta.com\/en\/wp-json\/wp\/v2\/users\/1"}],"replies":[{"embeddable":true,"href":"http:\/\/www.hotelcesaraugusta.com\/en\/wp-json\/wp\/v2\/comments?post=15233"}],"version-history":[{"count":1,"href":"http:\/\/www.hotelcesaraugusta.com\/en\/wp-json\/wp\/v2\/pages\/15233\/revisions"}],"predecessor-version":[{"id":15234,"href":"http:\/\/www.hotelcesaraugusta.com\/en\/wp-json\/wp\/v2\/pages\/15233\/revisions\/15234"}],"wp:attachment":[{"href":"http:\/\/www.hotelcesaraugusta.com\/en\/wp-json\/wp\/v2\/media?parent=15233"}],"curies":[{"name":"wp","href":"https:\/\/api.w.org\/{rel}","templated":true}]}}